{"id":3,"date":"2023-03-08T10:18:52","date_gmt":"2023-03-08T09:18:52","guid":{"rendered":"https:\/\/web.stolarstvo-sivan.sk\/?page_id=3"},"modified":"2023-03-11T08:05:40","modified_gmt":"2023-03-11T07:05:40","slug":"kontakt","status":"publish","type":"page","link":"https:\/\/stolarstvo-sivan.sk\/?page_id=3","title":{"rendered":"Kontakt"},"content":{"rendered":"\n<div class=\"wp-block-group has-background has-medium-font-size\" style=\"background-color: #f8f4e4; width: auto; float: left;\">\n<p style=\"text-align: left;\"><strong>tel:<\/strong>\u00a00902 829 869<br \/><strong>email:<\/strong><a href=\"mailto:sivan@stolarstvo-sivan.sk\"> sivan@stolarstvo-sivan.sk<\/a><\/p>\n<h2>\u00a0<\/h2>\n<p style=\"text-align: left;\">I\u010cO: 45\u00a0400\u00a0822<br \/>DI\u010c: 1071837030<\/p>\n<h2>\u00a0<\/h2>\n<h2>Kde sme?<\/h2>\n<p>Bab\u00edn 208<\/p>\n<\/div>\n\n\n\n<div class=\"wp-block-group2 has-medium-font-size\" style=\"width: auto; float: right;\">&nbsp;<\/div>\n\n\n<div class=\"wp-empty-block has-medium-font-size\" style=\"width: auto; float: left;\">\u00a0<\/div>\n\n\n<div class=\"wp-block-webfactory-map\"><div class=\"wp-block-webfactory-map\"><iframe loading=\"lazy\" width=\"100%\" height=\"300px\" src=\"https:\/\/www.google.com\/maps\/embed\/v1\/place?q=Bab%C3%ADn%20208&amp;maptype=roadmap&amp;zoom=14&amp;key=AIzaSyAjyDspiPfzEfjRSS5fQzm-3jHFjHxeXB4\" frameborder=\"0\"><\/iframe><\/div><\/div>\n","protected":false},"excerpt":{"rendered":"<p>tel:\u00a00902 829 869email: sivan@stolarstvo-sivan.sk \u00a0 I\u010cO: 45\u00a0400\u00a0822DI\u010c: 1071837030 \u00a0 Kde sme? Bab\u00edn 208 &nbsp; \u00a0<\/p>\n","protected":false},"author":1,"featured_media":0,"parent":0,"menu_order":0,"comment_status":"closed","ping_status":"closed","template":"","meta":{"_mi_skip_tracking":false,"footnotes":""},"class_list":["post-3","page","type-page","status-publish","hentry"],"yoast_head":"<!-- This site is optimized with the Yoast SEO plugin v20.2.1 - https:\/\/yoast.com\/wordpress\/plugins\/seo\/ -->\n<title>Kontakt -<\/title>\n<meta name=\"description\" content=\"adresa a kontakne informacie stolarstva sivan\" \/>\n<meta name=\"robots\" content=\"index, follow, max-snippet:-1, max-image-preview:large, max-video-preview:-1\" \/>\n<link rel=\"canonical\" href=\"https:\/\/stolarstvo-sivan.sk\/?page_id=3\" \/>\n<meta property=\"og:locale\" content=\"sk_SK\" \/>\n<meta property=\"og:type\" content=\"article\" \/>\n<meta property=\"og:title\" content=\"Kontakt -\" \/>\n<meta property=\"og:description\" content=\"adresa a kontakne informacie stolarstva sivan\" \/>\n<meta property=\"og:url\" content=\"https:\/\/stolarstvo-sivan.sk\/?page_id=3\" \/>\n<meta property=\"article:modified_time\" content=\"2023-03-11T07:05:40+00:00\" \/>\n<meta name=\"twitter:card\" content=\"summary_large_image\" \/>\n<meta name=\"twitter:label1\" content=\"Predpokladan\u00fd \u010das \u010d\u00edtania\" \/>\n\t<meta name=\"twitter:data1\" content=\"1 min\u00fata\" \/>\n<script type=\"application\/ld+json\" class=\"yoast-schema-graph\">{\"@context\":\"https:\/\/schema.org\",\"@graph\":[{\"@type\":\"WebPage\",\"@id\":\"https:\/\/stolarstvo-sivan.sk\/?page_id=3\",\"url\":\"https:\/\/stolarstvo-sivan.sk\/?page_id=3\",\"name\":\"Kontakt -\",\"isPartOf\":{\"@id\":\"https:\/\/stolarstvo-sivan.sk\/#website\"},\"datePublished\":\"2023-03-08T09:18:52+00:00\",\"dateModified\":\"2023-03-11T07:05:40+00:00\",\"description\":\"adresa a kontakne informacie stolarstva sivan\",\"breadcrumb\":{\"@id\":\"https:\/\/stolarstvo-sivan.sk\/?page_id=3#breadcrumb\"},\"inLanguage\":\"sk-SK\",\"potentialAction\":[{\"@type\":\"ReadAction\",\"target\":[\"https:\/\/stolarstvo-sivan.sk\/?page_id=3\"]}]},{\"@type\":\"BreadcrumbList\",\"@id\":\"https:\/\/stolarstvo-sivan.sk\/?page_id=3#breadcrumb\",\"itemListElement\":[{\"@type\":\"ListItem\",\"position\":1,\"name\":\"Domovsk\u00e1 str\u00e1nka\",\"item\":\"https:\/\/stolarstvo-sivan.sk\/\"},{\"@type\":\"ListItem\",\"position\":2,\"name\":\"Kontakt\"}]},{\"@type\":\"WebSite\",\"@id\":\"https:\/\/stolarstvo-sivan.sk\/#website\",\"url\":\"https:\/\/stolarstvo-sivan.sk\/\",\"name\":\"\",\"description\":\"\",\"potentialAction\":[{\"@type\":\"SearchAction\",\"target\":{\"@type\":\"EntryPoint\",\"urlTemplate\":\"https:\/\/stolarstvo-sivan.sk\/?s={search_term_string}\"},\"query-input\":\"required name=search_term_string\"}],\"inLanguage\":\"sk-SK\"}]}<\/script>\n<!-- \/ Yoast SEO plugin. -->","yoast_head_json":{"title":"Kontakt -","description":"adresa a kontakne informacie stolarstva sivan","robots":{"index":"index","follow":"follow","max-snippet":"max-snippet:-1","max-image-preview":"max-image-preview:large","max-video-preview":"max-video-preview:-1"},"canonical":"https:\/\/stolarstvo-sivan.sk\/?page_id=3","og_locale":"sk_SK","og_type":"article","og_title":"Kontakt -","og_description":"adresa a kontakne informacie stolarstva sivan","og_url":"https:\/\/stolarstvo-sivan.sk\/?page_id=3","article_modified_time":"2023-03-11T07:05:40+00:00","twitter_card":"summary_large_image","twitter_misc":{"Predpokladan\u00fd \u010das \u010d\u00edtania":"1 min\u00fata"},"schema":{"@context":"https:\/\/schema.org","@graph":[{"@type":"WebPage","@id":"https:\/\/stolarstvo-sivan.sk\/?page_id=3","url":"https:\/\/stolarstvo-sivan.sk\/?page_id=3","name":"Kontakt -","isPartOf":{"@id":"https:\/\/stolarstvo-sivan.sk\/#website"},"datePublished":"2023-03-08T09:18:52+00:00","dateModified":"2023-03-11T07:05:40+00:00","description":"adresa a kontakne informacie stolarstva sivan","breadcrumb":{"@id":"https:\/\/stolarstvo-sivan.sk\/?page_id=3#breadcrumb"},"inLanguage":"sk-SK","potentialAction":[{"@type":"ReadAction","target":["https:\/\/stolarstvo-sivan.sk\/?page_id=3"]}]},{"@type":"BreadcrumbList","@id":"https:\/\/stolarstvo-sivan.sk\/?page_id=3#breadcrumb","itemListElement":[{"@type":"ListItem","position":1,"name":"Domovsk\u00e1 str\u00e1nka","item":"https:\/\/stolarstvo-sivan.sk\/"},{"@type":"ListItem","position":2,"name":"Kontakt"}]},{"@type":"WebSite","@id":"https:\/\/stolarstvo-sivan.sk\/#website","url":"https:\/\/stolarstvo-sivan.sk\/","name":"","description":"","potentialAction":[{"@type":"SearchAction","target":{"@type":"EntryPoint","urlTemplate":"https:\/\/stolarstvo-sivan.sk\/?s={search_term_string}"},"query-input":"required name=search_term_string"}],"inLanguage":"sk-SK"}]}},"_links":{"self":[{"href":"https:\/\/stolarstvo-sivan.sk\/index.php?rest_route=\/wp\/v2\/pages\/3","targetHints":{"allow":["GET"]}}],"collection":[{"href":"https:\/\/stolarstvo-sivan.sk\/index.php?rest_route=\/wp\/v2\/pages"}],"about":[{"href":"https:\/\/stolarstvo-sivan.sk\/index.php?rest_route=\/wp\/v2\/types\/page"}],"author":[{"embeddable":true,"href":"https:\/\/stolarstvo-sivan.sk\/index.php?rest_route=\/wp\/v2\/users\/1"}],"replies":[{"embeddable":true,"href":"https:\/\/stolarstvo-sivan.sk\/index.php?rest_route=%2Fwp%2Fv2%2Fcomments&post=3"}],"version-history":[{"count":60,"href":"https:\/\/stolarstvo-sivan.sk\/index.php?rest_route=\/wp\/v2\/pages\/3\/revisions"}],"predecessor-version":[{"id":214,"href":"https:\/\/stolarstvo-sivan.sk\/index.php?rest_route=\/wp\/v2\/pages\/3\/revisions\/214"}],"wp:attachment":[{"href":"https:\/\/stolarstvo-sivan.sk\/index.php?rest_route=%2Fwp%2Fv2%2Fmedia&parent=3"}],"curies":[{"name":"wp","href":"https:\/\/api.w.org\/{rel}","templated":true}]}}