{"id":160,"date":"2023-03-09T22:27:52","date_gmt":"2023-03-09T21:27:52","guid":{"rendered":"https:\/\/web.stolarstvo-sivan.sk\/?page_id=160"},"modified":"2023-03-11T15:42:15","modified_gmt":"2023-03-11T14:42:15","slug":"cennik","status":"publish","type":"page","link":"https:\/\/stolarstvo-sivan.sk\/?page_id=160","title":{"rendered":"Cennik"},"content":{"rendered":"\n<div class=\"wp-block-group alignfull has-background\" style=\"background-color:#f8f4e4\"><div class=\"wp-block-group__inner-container is-layout-flow wp-block-group-is-layout-flow\">\n<div class=\"wp-block-columns are-vertically-aligned-top is-layout-flex wp-container-core-columns-is-layout-9d6595d7 wp-block-columns-is-layout-flex\">\n<div class=\"wp-block-column is-vertically-aligned-top is-layout-flow wp-block-column-is-layout-flow\" style=\"flex-basis:33%\">\n<div style=\"height:39px\" aria-hidden=\"true\" class=\"wp-block-spacer\"><\/div>\n\n\n\n<h2 class=\"wp-block-heading\">   Dvere z Drevotriesky<\/h2>\n\n\n\n<figure class=\"wp-block-gallery has-nested-images columns-default is-cropped wp-block-gallery-1 is-layout-flex wp-block-gallery-is-layout-flex\">\n<figure class=\"wp-block-image size-large\"><a href=\"https:\/\/stolarstvo-sivan.sk\/?3d-flip-book=dvere\"><img loading=\"lazy\" decoding=\"async\" width=\"543\" height=\"724\" data-id=\"34\" src=\"https:\/\/web.stolarstvo-sivan.sk\/wp-content\/uploads\/2023\/03\/02.jpg\" alt=\"\" class=\"wp-image-34\" srcset=\"https:\/\/stolarstvo-sivan.sk\/wp-content\/uploads\/2023\/03\/02.jpg 543w, https:\/\/stolarstvo-sivan.sk\/wp-content\/uploads\/2023\/03\/02-225x300.jpg 225w, https:\/\/stolarstvo-sivan.sk\/wp-content\/uploads\/2023\/03\/02-1x1.jpg 1w\" sizes=\"auto, (max-width: 543px) 100vw, 543px\" \/><\/a><\/figure>\n<\/figure>\n<\/div>\n\n\n\n<div class=\"wp-block-column is-layout-flow wp-block-column-is-layout-flow\">\n<p><\/p>\n\n\n\n<p><\/p>\n\n\n\n<p><\/p>\n\n\n\n<p><strong>Vyr\u00e1bame ak\u00e9ko\u013evek zariadenie domu z dreva na mieru a ked\u017ee ka\u017eda zak\u00e1zka je in\u00e1 aj ceny su r\u00f4zne. Pre cenovu ponuku n\u00e1s pros\u00edm kontaktujte na telef\u00f3nnom \u010d\u00edsle: 0902 829 869<\/strong><\/p>\n<\/div>\n\n\n\n<div class=\"wp-block-column is-vertically-aligned-top is-layout-flow wp-block-column-is-layout-flow\"><div class=\"wp-block-image\">\n<figure class=\"alignright size-full is-resized\"><a href=\"https:\/\/stolarstvo-sivan.sk\/?3d-flip-book=masiv\"><img loading=\"lazy\" decoding=\"async\" src=\"https:\/\/web.stolarstvo-sivan.sk\/wp-content\/uploads\/2023\/03\/14.jpg\" alt=\"\" class=\"wp-image-154\" width=\"287\" height=\"520\" srcset=\"https:\/\/stolarstvo-sivan.sk\/wp-content\/uploads\/2023\/03\/14.jpg 265w, https:\/\/stolarstvo-sivan.sk\/wp-content\/uploads\/2023\/03\/14-166x300.jpg 166w, https:\/\/stolarstvo-sivan.sk\/wp-content\/uploads\/2023\/03\/14-1x2.jpg 1w\" sizes=\"auto, (max-width: 287px) 100vw, 287px\" \/><\/a><\/figure>\n<\/div>\n\n\n<h2 class=\"wp-block-heading\">       Dvere z Mas\u00edvu<\/h2>\n<\/div>\n<\/div>\n<\/div><\/div>\n","protected":false},"excerpt":{"rendered":"<p>Dvere z Drevotriesky Vyr\u00e1bame ak\u00e9ko\u013evek zariadenie domu z dreva na mieru a ked\u017ee ka\u017eda zak\u00e1zka je in\u00e1 aj ceny su r\u00f4zne. Pre cenovu ponuku n\u00e1s pros\u00edm kontaktujte na telef\u00f3nnom \u010d\u00edsle: 0902 829 869 Dvere z Mas\u00edvu<\/p>\n","protected":false},"author":1,"featured_media":0,"parent":0,"menu_order":0,"comment_status":"closed","ping_status":"closed","template":"","meta":{"_mi_skip_tracking":false,"footnotes":""},"class_list":["post-160","page","type-page","status-publish","hentry"],"yoast_head":"<!-- This site is optimized with the Yoast SEO plugin v20.2.1 - https:\/\/yoast.com\/wordpress\/plugins\/seo\/ -->\n<title>Cennik -<\/title>\n<meta name=\"description\" content=\"cennik nabytok vstavane skrine kuchyne dvere masiv nabytok na mieru\" \/>\n<meta name=\"robots\" content=\"index, follow, max-snippet:-1, max-image-preview:large, max-video-preview:-1\" \/>\n<link rel=\"canonical\" href=\"https:\/\/stolarstvo-sivan.sk\/?page_id=160\" \/>\n<meta property=\"og:locale\" content=\"sk_SK\" \/>\n<meta property=\"og:type\" content=\"article\" \/>\n<meta property=\"og:title\" content=\"Cennik -\" \/>\n<meta property=\"og:description\" content=\"cennik nabytok vstavane skrine kuchyne dvere masiv nabytok na mieru\" \/>\n<meta property=\"og:url\" content=\"https:\/\/stolarstvo-sivan.sk\/?page_id=160\" \/>\n<meta property=\"article:modified_time\" content=\"2023-03-11T14:42:15+00:00\" \/>\n<meta property=\"og:image\" content=\"https:\/\/web.stolarstvo-sivan.sk\/wp-content\/uploads\/2023\/03\/02.jpg\" \/>\n<meta name=\"twitter:card\" content=\"summary_large_image\" \/>\n<meta name=\"twitter:label1\" content=\"Predpokladan\u00fd \u010das \u010d\u00edtania\" \/>\n\t<meta name=\"twitter:data1\" content=\"1 min\u00fata\" \/>\n<script type=\"application\/ld+json\" class=\"yoast-schema-graph\">{\"@context\":\"https:\/\/schema.org\",\"@graph\":[{\"@type\":\"WebPage\",\"@id\":\"https:\/\/stolarstvo-sivan.sk\/?page_id=160\",\"url\":\"https:\/\/stolarstvo-sivan.sk\/?page_id=160\",\"name\":\"Cennik -\",\"isPartOf\":{\"@id\":\"https:\/\/stolarstvo-sivan.sk\/#website\"},\"datePublished\":\"2023-03-09T21:27:52+00:00\",\"dateModified\":\"2023-03-11T14:42:15+00:00\",\"description\":\"cennik nabytok vstavane skrine kuchyne dvere masiv nabytok na mieru\",\"breadcrumb\":{\"@id\":\"https:\/\/stolarstvo-sivan.sk\/?page_id=160#breadcrumb\"},\"inLanguage\":\"sk-SK\",\"potentialAction\":[{\"@type\":\"ReadAction\",\"target\":[\"https:\/\/stolarstvo-sivan.sk\/?page_id=160\"]}]},{\"@type\":\"BreadcrumbList\",\"@id\":\"https:\/\/stolarstvo-sivan.sk\/?page_id=160#breadcrumb\",\"itemListElement\":[{\"@type\":\"ListItem\",\"position\":1,\"name\":\"Domovsk\u00e1 str\u00e1nka\",\"item\":\"https:\/\/stolarstvo-sivan.sk\/\"},{\"@type\":\"ListItem\",\"position\":2,\"name\":\"Cennik\"}]},{\"@type\":\"WebSite\",\"@id\":\"https:\/\/stolarstvo-sivan.sk\/#website\",\"url\":\"https:\/\/stolarstvo-sivan.sk\/\",\"name\":\"\",\"description\":\"\",\"potentialAction\":[{\"@type\":\"SearchAction\",\"target\":{\"@type\":\"EntryPoint\",\"urlTemplate\":\"https:\/\/stolarstvo-sivan.sk\/?s={search_term_string}\"},\"query-input\":\"required name=search_term_string\"}],\"inLanguage\":\"sk-SK\"}]}<\/script>\n<!-- \/ Yoast SEO plugin. -->","yoast_head_json":{"title":"Cennik -","description":"cennik nabytok vstavane skrine kuchyne dvere masiv nabytok na mieru","robots":{"index":"index","follow":"follow","max-snippet":"max-snippet:-1","max-image-preview":"max-image-preview:large","max-video-preview":"max-video-preview:-1"},"canonical":"https:\/\/stolarstvo-sivan.sk\/?page_id=160","og_locale":"sk_SK","og_type":"article","og_title":"Cennik -","og_description":"cennik nabytok vstavane skrine kuchyne dvere masiv nabytok na mieru","og_url":"https:\/\/stolarstvo-sivan.sk\/?page_id=160","article_modified_time":"2023-03-11T14:42:15+00:00","og_image":[{"url":"https:\/\/web.stolarstvo-sivan.sk\/wp-content\/uploads\/2023\/03\/02.jpg"}],"twitter_card":"summary_large_image","twitter_misc":{"Predpokladan\u00fd \u010das \u010d\u00edtania":"1 min\u00fata"},"schema":{"@context":"https:\/\/schema.org","@graph":[{"@type":"WebPage","@id":"https:\/\/stolarstvo-sivan.sk\/?page_id=160","url":"https:\/\/stolarstvo-sivan.sk\/?page_id=160","name":"Cennik -","isPartOf":{"@id":"https:\/\/stolarstvo-sivan.sk\/#website"},"datePublished":"2023-03-09T21:27:52+00:00","dateModified":"2023-03-11T14:42:15+00:00","description":"cennik nabytok vstavane skrine kuchyne dvere masiv nabytok na mieru","breadcrumb":{"@id":"https:\/\/stolarstvo-sivan.sk\/?page_id=160#breadcrumb"},"inLanguage":"sk-SK","potentialAction":[{"@type":"ReadAction","target":["https:\/\/stolarstvo-sivan.sk\/?page_id=160"]}]},{"@type":"BreadcrumbList","@id":"https:\/\/stolarstvo-sivan.sk\/?page_id=160#breadcrumb","itemListElement":[{"@type":"ListItem","position":1,"name":"Domovsk\u00e1 str\u00e1nka","item":"https:\/\/stolarstvo-sivan.sk\/"},{"@type":"ListItem","position":2,"name":"Cennik"}]},{"@type":"WebSite","@id":"https:\/\/stolarstvo-sivan.sk\/#website","url":"https:\/\/stolarstvo-sivan.sk\/","name":"","description":"","potentialAction":[{"@type":"SearchAction","target":{"@type":"EntryPoint","urlTemplate":"https:\/\/stolarstvo-sivan.sk\/?s={search_term_string}"},"query-input":"required name=search_term_string"}],"inLanguage":"sk-SK"}]}},"_links":{"self":[{"href":"https:\/\/stolarstvo-sivan.sk\/index.php?rest_route=\/wp\/v2\/pages\/160","targetHints":{"allow":["GET"]}}],"collection":[{"href":"https:\/\/stolarstvo-sivan.sk\/index.php?rest_route=\/wp\/v2\/pages"}],"about":[{"href":"https:\/\/stolarstvo-sivan.sk\/index.php?rest_route=\/wp\/v2\/types\/page"}],"author":[{"embeddable":true,"href":"https:\/\/stolarstvo-sivan.sk\/index.php?rest_route=\/wp\/v2\/users\/1"}],"replies":[{"embeddable":true,"href":"https:\/\/stolarstvo-sivan.sk\/index.php?rest_route=%2Fwp%2Fv2%2Fcomments&post=160"}],"version-history":[{"count":13,"href":"https:\/\/stolarstvo-sivan.sk\/index.php?rest_route=\/wp\/v2\/pages\/160\/revisions"}],"predecessor-version":[{"id":229,"href":"https:\/\/stolarstvo-sivan.sk\/index.php?rest_route=\/wp\/v2\/pages\/160\/revisions\/229"}],"wp:attachment":[{"href":"https:\/\/stolarstvo-sivan.sk\/index.php?rest_route=%2Fwp%2Fv2%2Fmedia&parent=160"}],"curies":[{"name":"wp","href":"https:\/\/api.w.org\/{rel}","templated":true}]}}